{"id":188,"date":"2021-11-09T13:25:06","date_gmt":"2021-11-09T13:25:06","guid":{"rendered":"https:\/\/www.zd-lj.si\/paris\/?page_id=188"},"modified":"2021-11-09T13:27:58","modified_gmt":"2021-11-09T13:27:58","slug":"pogoji-uporabe","status":"publish","type":"page","link":"https:\/\/www.zd-lj.si\/paris\/?page_id=188","title":{"rendered":"Pogoji uporabe"},"content":{"rendered":"<p><strong>Za\u0161\u010dita avtorskih pravic<\/strong><br \/>\nPredmet tega obvestila so spletne strani na naslovu https:\/\/www.zd-lj.si\/paris. Vsa vsebina na teh spletnih straneh je last Zdravstvenega doma Ljubljana in je informativne narave.<\/p>\n<p><strong>Omejena odgovornost<\/strong><br \/>\nZdravstveni dom Ljubljana ne odgovarja za uporabo spletnih strani https:\/\/www.zd-lj.si\/paris in za morebitno \u0161kodo, povzro\u010deno z uporabo tam nahajajo\u010dih se spletnih vsebin. Podjetje Zdravstveni dom Ljubljana se bo trudilo za pravilnost informacij. Zdravstveni dom Ljubljana lahko vse vsebine spreminja kadarkoli, brez obveznosti do obve\u0161\u010danja uporabnikov in ne odgovarja za posledice tako povzro\u010denih sprememb.<\/p>\n<p><strong>Omejena pravica uporabe vsebin<\/strong><br \/>\nUporabniki lahko razpolagajo z vsebinami na spletnem naslovu https:\/\/www.zd-lj.si\/paris izklju\u010dno za svojo osebno uporabo pri \u010demer ne smejo biti kr\u0161ene avtorske pravice. Avtorji vsebin niso odgovorni za morebitne \u0161kodljive posledice uporabe. Kakr\u0161nakoli druga uporaba ali distribucija teh spletnih vsebin ali njihovega dela ni dovoljena.<\/p>\n<p><strong>Varovanje podatkov<\/strong><br \/>\nUpravljalec spletnih strani bo z vsemi podatki zbranimi na straneh https:\/\/www.zd-lj.si\/paris razpolagal v skladu z veljavno zakonodajo.<\/p>\n<p>Zdravstveni dom Ljubljana<br \/>\nMetelkova ulica 9<br \/>\n1000 Ljubljana<\/p>\n","protected":false},"excerpt":{"rendered":"<p>Za\u0161\u010dita avtorskih pravic Predmet tega obvestila so spletne strani na naslovu https:\/\/www.zd-lj.si\/paris. Vsa vsebina na teh spletnih straneh je last Zdravstvenega doma Ljubljana in je informativne narave. Omejena odgovornost Zdravstveni dom Ljubljana ne odgovarja za uporabo spletnih strani https:\/\/www.zd-lj.si\/paris in za morebitno \u0161kodo, povzro\u010deno z uporabo tam nahajajo\u010dih se spletnih vsebin. Podjetje Zdravstveni dom Ljubljana [&hellip;]<\/p>\n","protected":false},"author":1,"featured_media":0,"parent":0,"menu_order":0,"comment_status":"closed","ping_status":"closed","template":"","meta":{"inline_featured_image":false},"_links":{"self":[{"href":"https:\/\/www.zd-lj.si\/paris\/index.php?rest_route=\/wp\/v2\/pages\/188"}],"collection":[{"href":"https:\/\/www.zd-lj.si\/paris\/index.php?rest_route=\/wp\/v2\/pages"}],"about":[{"href":"https:\/\/www.zd-lj.si\/paris\/index.php?rest_route=\/wp\/v2\/types\/page"}],"author":[{"embeddable":true,"href":"https:\/\/www.zd-lj.si\/paris\/index.php?rest_route=\/wp\/v2\/users\/1"}],"replies":[{"embeddable":true,"href":"https:\/\/www.zd-lj.si\/paris\/index.php?rest_route=%2Fwp%2Fv2%2Fcomments&post=188"}],"version-history":[{"count":2,"href":"https:\/\/www.zd-lj.si\/paris\/index.php?rest_route=\/wp\/v2\/pages\/188\/revisions"}],"predecessor-version":[{"id":193,"href":"https:\/\/www.zd-lj.si\/paris\/index.php?rest_route=\/wp\/v2\/pages\/188\/revisions\/193"}],"wp:attachment":[{"href":"https:\/\/www.zd-lj.si\/paris\/index.php?rest_route=%2Fwp%2Fv2%2Fmedia&parent=188"}],"curies":[{"name":"wp","href":"https:\/\/api.w.org\/{rel}","templated":true}]}}